{"id":3482,"date":"2026-03-05T21:57:42","date_gmt":"2026-03-05T21:57:42","guid":{"rendered":"https:\/\/magmalighting.com\/?page_id=3482"},"modified":"2026-04-03T03:23:30","modified_gmt":"2026-04-03T03:23:30","slug":"portal","status":"publish","type":"page","link":"https:\/\/magmalighting.com\/pt\/portal\/","title":{"rendered":"PORTAL &#8211; Magma Lighting"},"content":{"rendered":"<div class=\"wp-block-cover alignfull has-custom-content-position is-position-top-center\" style=\"min-height:140px;aspect-ratio:unset;\"><img loading=\"lazy\" decoding=\"async\" width=\"1159\" height=\"652\" class=\"wp-block-cover__image-background wp-image-2842\" alt=\"dark background\" src=\"https:\/\/magmalighting.com\/wp-content\/uploads\/2026\/02\/dark-background-edited-2-rotated.jpg\" data-object-fit=\"cover\" title=\"PORTAL - Magma Lighting\" srcset=\"https:\/\/magmalighting.com\/wp-content\/uploads\/2026\/02\/dark-background-edited-2-rotated.jpg 1159w, https:\/\/magmalighting.com\/wp-content\/uploads\/2026\/02\/dark-background-edited-2-300x169.jpg 300w, https:\/\/magmalighting.com\/wp-content\/uploads\/2026\/02\/dark-background-edited-2-1024x576.jpg 1024w, https:\/\/magmalighting.com\/wp-content\/uploads\/2026\/02\/dark-background-edited-2-768x432.jpg 768w, https:\/\/magmalighting.com\/wp-content\/uploads\/2026\/02\/dark-background-edited-2-18x10.jpg 18w\" sizes=\"auto, (max-width: 1159px) 100vw, 1159px\" \/><span aria-hidden=\"true\" class=\"wp-block-cover__background has-background-dim\"><\/span><div class=\"wp-block-cover__inner-container is-layout-flow wp-block-cover-is-layout-flow\">\n<p class=\"has-text-align-center has-large-font-size\"><\/p>\n<\/div><\/div>\n\n\n\n<div class=\"wp-block-group has-small-font-size is-layout-flow wp-block-group-is-layout-flow\" style=\"padding-top:50px;padding-right:50px;padding-bottom:50px;padding-left:50px\">\n<div class=\"wp-block-columns is-layout-flex wp-container-core-columns-is-layout-28f84493 wp-block-columns-is-layout-flex\">\n<div class=\"wp-block-column is-layout-flow wp-block-column-is-layout-flow\">\n<figure data-spectra-id=\"spectra-mm9s0ika-y34czq\" class=\"wp-block-image size-large is-resized\" ><img loading=\"lazy\" decoding=\"async\" width=\"1024\" height=\"706\" src=\"https:\/\/magmalighting.com\/wp-content\/uploads\/2026\/03\/DSC7161-2-1024x706.jpg\" alt=\" dsc7161\" class=\"wp-image-3484\" title=\"PORTAL - Magma Lighting\" srcset=\"https:\/\/magmalighting.com\/wp-content\/uploads\/2026\/03\/DSC7161-2-1024x706.jpg 1024w, https:\/\/magmalighting.com\/wp-content\/uploads\/2026\/03\/DSC7161-2-300x207.jpg 300w, https:\/\/magmalighting.com\/wp-content\/uploads\/2026\/03\/DSC7161-2-768x529.jpg 768w, https:\/\/magmalighting.com\/wp-content\/uploads\/2026\/03\/DSC7161-2-1536x1058.jpg 1536w, https:\/\/magmalighting.com\/wp-content\/uploads\/2026\/03\/DSC7161-2-18x12.jpg 18w, https:\/\/magmalighting.com\/wp-content\/uploads\/2026\/03\/DSC7161-2.jpg 1772w\" sizes=\"auto, (max-width: 1024px) 100vw, 1024px\" \/><\/figure>\n<\/div>\n\n\n\n<div class=\"wp-block-column is-layout-flow wp-block-column-is-layout-flow\">\n<figure data-spectra-id=\"spectra-mm9s0sxa-krewx8\" class=\"wp-block-image size-large is-resized\"><img loading=\"lazy\" decoding=\"async\" width=\"1024\" height=\"553\" src=\"https:\/\/magmalighting.com\/wp-content\/uploads\/2026\/03\/87-_DSC7165-1024x553.jpg\" alt=\"87 dsc7165\" class=\"wp-image-3487\" title=\"PORTAL - Magma Lighting\" srcset=\"https:\/\/magmalighting.com\/wp-content\/uploads\/2026\/03\/87-_DSC7165-1024x553.jpg 1024w, https:\/\/magmalighting.com\/wp-content\/uploads\/2026\/03\/87-_DSC7165-300x162.jpg 300w, https:\/\/magmalighting.com\/wp-content\/uploads\/2026\/03\/87-_DSC7165-768x414.jpg 768w, https:\/\/magmalighting.com\/wp-content\/uploads\/2026\/03\/87-_DSC7165-1536x829.jpg 1536w, https:\/\/magmalighting.com\/wp-content\/uploads\/2026\/03\/87-_DSC7165-18x10.jpg 18w, https:\/\/magmalighting.com\/wp-content\/uploads\/2026\/03\/87-_DSC7165.jpg 2048w\" sizes=\"auto, (max-width: 1024px) 100vw, 1024px\" \/><\/figure>\n<\/div>\n<\/div>\n\n\n\n<div class=\"wp-block-columns is-layout-flex wp-container-core-columns-is-layout-28f84493 wp-block-columns-is-layout-flex\">\n<div class=\"wp-block-column is-layout-flow wp-block-column-is-layout-flow\">\n<figure data-spectra-id=\"spectra-mm9s2cmw-pmqfrs\" class=\"wp-block-image size-large\" ><img loading=\"lazy\" decoding=\"async\" width=\"1024\" height=\"417\" src=\"https:\/\/magmalighting.com\/wp-content\/uploads\/2026\/03\/57-_DSC7147-1024x417.jpg\" alt=\"57 dsc7147\" class=\"wp-image-3490\" title=\"PORTAL - Magma Lighting\" srcset=\"https:\/\/magmalighting.com\/wp-content\/uploads\/2026\/03\/57-_DSC7147-1024x417.jpg 1024w, https:\/\/magmalighting.com\/wp-content\/uploads\/2026\/03\/57-_DSC7147-300x122.jpg 300w, https:\/\/magmalighting.com\/wp-content\/uploads\/2026\/03\/57-_DSC7147-768x313.jpg 768w, https:\/\/magmalighting.com\/wp-content\/uploads\/2026\/03\/57-_DSC7147-1536x626.jpg 1536w, https:\/\/magmalighting.com\/wp-content\/uploads\/2026\/03\/57-_DSC7147-18x7.jpg 18w, https:\/\/magmalighting.com\/wp-content\/uploads\/2026\/03\/57-_DSC7147.jpg 2048w\" sizes=\"auto, (max-width: 1024px) 100vw, 1024px\" \/><\/figure>\n<\/div>\n\n\n\n<div class=\"wp-block-column is-layout-flow wp-block-column-is-layout-flow\">\n<figure data-spectra-id=\"spectra-mme0ilkw-6ftixh\" class=\"wp-block-image size-large is-resized\" ><img loading=\"lazy\" decoding=\"async\" width=\"1024\" height=\"808\" src=\"https:\/\/magmalighting.com\/wp-content\/uploads\/2026\/03\/92-_DSC7166-1024x808.jpg\" alt=\"92 dsc7166\" class=\"wp-image-3488\" title=\"PORTAL - Magma Lighting\" srcset=\"https:\/\/magmalighting.com\/wp-content\/uploads\/2026\/03\/92-_DSC7166-1024x808.jpg 1024w, https:\/\/magmalighting.com\/wp-content\/uploads\/2026\/03\/92-_DSC7166-300x237.jpg 300w, https:\/\/magmalighting.com\/wp-content\/uploads\/2026\/03\/92-_DSC7166-768x606.jpg 768w, https:\/\/magmalighting.com\/wp-content\/uploads\/2026\/03\/92-_DSC7166-1536x1213.jpg 1536w, https:\/\/magmalighting.com\/wp-content\/uploads\/2026\/03\/92-_DSC7166-15x12.jpg 15w, https:\/\/magmalighting.com\/wp-content\/uploads\/2026\/03\/92-_DSC7166.jpg 1872w\" sizes=\"auto, (max-width: 1024px) 100vw, 1024px\" \/><\/figure>\n<\/div>\n<\/div>\n\n\n\n<div class=\"wp-block-media-text is-stacked-on-mobile\" style=\"padding-left:var(--wp--preset--spacing--80);grid-template-columns:45% auto\"><figure class=\"wp-block-media-text__media\"><img loading=\"lazy\" decoding=\"async\" width=\"1024\" height=\"574\" src=\"https:\/\/magmalighting.com\/wp-content\/uploads\/2026\/03\/portal-sonoro-_-manuel-alao-_-1-1-1024x574.jpg\" alt=\"portal sonoro manuel alao 1\" class=\"wp-image-3491 size-full\" title=\"PORTAL - Magma Lighting\" srcset=\"https:\/\/magmalighting.com\/wp-content\/uploads\/2026\/03\/portal-sonoro-_-manuel-alao-_-1-1-1024x574.jpg 1024w, https:\/\/magmalighting.com\/wp-content\/uploads\/2026\/03\/portal-sonoro-_-manuel-alao-_-1-1-300x168.jpg 300w, https:\/\/magmalighting.com\/wp-content\/uploads\/2026\/03\/portal-sonoro-_-manuel-alao-_-1-1-768x430.jpg 768w, https:\/\/magmalighting.com\/wp-content\/uploads\/2026\/03\/portal-sonoro-_-manuel-alao-_-1-1-18x10.jpg 18w, https:\/\/magmalighting.com\/wp-content\/uploads\/2026\/03\/portal-sonoro-_-manuel-alao-_-1-1.jpg 1355w\" sizes=\"auto, (max-width: 1024px) 100vw, 1024px\" \/><\/figure><div class=\"wp-block-media-text__content\">\n<p>PORTAL &#8211; LIGHT SCULPETURE &#8211; VISEU<\/p>\n\n\n\n<p>Concept Design &#8211; Manuel Al\u00e3o &amp; S\u00e9rgio Ferreira<\/p>\n\n\n\n<p>For Mescla Festival &#8211; Portal is a light and sound installation <\/p>\n\n\n\n<p>Photos &#8211; Jo\u00e3o Rey<\/p>\n<\/div><\/div>\n<\/div>\n\n\n\n<p><\/p>\n\n\n\n<p><\/p>","protected":false},"excerpt":{"rendered":"<p>PORTAL &#8211; LIGHT SCULPETURE &#8211; VISEU Concept Design &#8211; Manuel Al\u00e3o &amp; S\u00e9rgio Ferreira For Mescla Festival &#8211; Portal is a light and sound installation Photos &#8211; Jo\u00e3o Rey<\/p>","protected":false},"author":2,"featured_media":0,"parent":0,"menu_order":0,"comment_status":"closed","ping_status":"closed","template":"","meta":{"_uag_custom_page_level_css":"","site-sidebar-layout":"no-sidebar","site-content-layout":"plain-container","ast-site-content-layout":"normal-width-container","site-content-style":"unboxed","site-sidebar-style":"unboxed","ast-global-header-display":"","ast-banner-title-visibility":"","ast-main-header-display":"","ast-hfb-above-header-display":"","ast-hfb-below-header-display":"","ast-hfb-mobile-header-display":"","site-post-title":"disabled","ast-breadcrumbs-content":"","ast-featured-img":"disabled","footer-sml-layout":"","ast-disable-related-posts":"","theme-transparent-header-meta":"enabled","adv-header-id-meta":"","stick-header-meta":"","header-above-stick-meta":"","header-main-stick-meta":"","header-below-stick-meta":"","astra-migrate-meta-layouts":"set","ast-page-background-enabled":"default","ast-page-background-meta":{"desktop":{"background-color":"","background-image":"","background-repeat":"repeat","background-position":"center center","background-size":"auto","background-attachment":"scroll","background-type":"","background-media":"","overlay-type":"","overlay-color":"","overlay-opacity":"","overlay-gradient":""},"tablet":{"background-color":"","background-image":"","background-repeat":"repeat","background-position":"center center","background-size":"auto","background-attachment":"scroll","background-type":"","background-media":"","overlay-type":"","overlay-color":"","overlay-opacity":"","overlay-gradient":""},"mobile":{"background-color":"","background-image":"","background-repeat":"repeat","background-position":"center center","background-size":"auto","background-attachment":"scroll","background-type":"","background-media":"","overlay-type":"","overlay-color":"","overlay-opacity":"","overlay-gradient":""}},"ast-content-background-meta":{"desktop":{"background-color":"var(--ast-global-color-5)","background-image":"","background-repeat":"repeat","background-position":"center center","background-size":"auto","background-attachment":"scroll","background-type":"","background-media":"","overlay-type":"","overlay-color":"","overlay-opacity":"","overlay-gradient":""},"tablet":{"background-color":"var(--ast-global-color-5)","background-image":"","background-repeat":"repeat","background-position":"center center","background-size":"auto","background-attachment":"scroll","background-type":"","background-media":"","overlay-type":"","overlay-color":"","overlay-opacity":"","overlay-gradient":""},"mobile":{"background-color":"var(--ast-global-color-5)","background-image":"","background-repeat":"repeat","background-position":"center center","background-size":"auto","background-attachment":"scroll","background-type":"","background-media":"","overlay-type":"","overlay-color":"","overlay-opacity":"","overlay-gradient":""}},"footnotes":""},"class_list":["post-3482","page","type-page","status-publish","hentry"],"_hostinger_reach_plugin_has_subscription_block":false,"_hostinger_reach_plugin_is_elementor":false,"uagb_featured_image_src":{"full":false,"thumbnail":false,"medium":false,"medium_large":false,"large":false,"1536x1536":false,"2048x2048":false,"trp-custom-language-flag":false},"uagb_author_info":{"display_name":"Magma Lighting","author_link":"https:\/\/magmalighting.com\/pt\/author\/magma_admin\/"},"uagb_comment_info":0,"uagb_excerpt":"PORTAL &#8211; LIGHT SCULPETURE &#8211; VISEU Concept Design &#8211; Manuel Al\u00e3o &amp; S\u00e9rgio Ferreira For Mescla Festival &#8211; Portal is a light and sound installation Photos &#8211; Jo\u00e3o Rey","_links":{"self":[{"href":"https:\/\/magmalighting.com\/pt\/wp-json\/wp\/v2\/pages\/3482","targetHints":{"allow":["GET"]}}],"collection":[{"href":"https:\/\/magmalighting.com\/pt\/wp-json\/wp\/v2\/pages"}],"about":[{"href":"https:\/\/magmalighting.com\/pt\/wp-json\/wp\/v2\/types\/page"}],"author":[{"embeddable":true,"href":"https:\/\/magmalighting.com\/pt\/wp-json\/wp\/v2\/users\/2"}],"replies":[{"embeddable":true,"href":"https:\/\/magmalighting.com\/pt\/wp-json\/wp\/v2\/comments?post=3482"}],"version-history":[{"count":7,"href":"https:\/\/magmalighting.com\/pt\/wp-json\/wp\/v2\/pages\/3482\/revisions"}],"predecessor-version":[{"id":3789,"href":"https:\/\/magmalighting.com\/pt\/wp-json\/wp\/v2\/pages\/3482\/revisions\/3789"}],"wp:attachment":[{"href":"https:\/\/magmalighting.com\/pt\/wp-json\/wp\/v2\/media?parent=3482"}],"curies":[{"name":"wp","href":"https:\/\/api.w.org\/{rel}","templated":true}]}}