{"id":3679,"date":"2026-04-03T02:10:13","date_gmt":"2026-04-03T02:10:13","guid":{"rendered":"https:\/\/magmalighting.com\/?page_id=3679"},"modified":"2026-04-03T03:21:30","modified_gmt":"2026-04-03T03:21:30","slug":"fpf","status":"publish","type":"page","link":"https:\/\/magmalighting.com\/pt\/fpf\/","title":{"rendered":"FPF &#8211; Magma Lighting"},"content":{"rendered":"<div class=\"wp-block-cover alignfull has-custom-content-position is-position-top-center\" style=\"min-height:140px;aspect-ratio:unset;\"><img loading=\"lazy\" decoding=\"async\" width=\"1159\" height=\"652\" class=\"wp-block-cover__image-background wp-image-2842\" alt=\"dark background\" src=\"https:\/\/magmalighting.com\/wp-content\/uploads\/2026\/02\/dark-background-edited-2-rotated.jpg\" data-object-fit=\"cover\" title=\"FPF - Magma Lighting\" srcset=\"https:\/\/magmalighting.com\/wp-content\/uploads\/2026\/02\/dark-background-edited-2-rotated.jpg 1159w, https:\/\/magmalighting.com\/wp-content\/uploads\/2026\/02\/dark-background-edited-2-300x169.jpg 300w, https:\/\/magmalighting.com\/wp-content\/uploads\/2026\/02\/dark-background-edited-2-1024x576.jpg 1024w, https:\/\/magmalighting.com\/wp-content\/uploads\/2026\/02\/dark-background-edited-2-768x432.jpg 768w, https:\/\/magmalighting.com\/wp-content\/uploads\/2026\/02\/dark-background-edited-2-18x10.jpg 18w\" sizes=\"auto, (max-width: 1159px) 100vw, 1159px\" \/><span aria-hidden=\"true\" class=\"wp-block-cover__background has-background-dim\"><\/span><div class=\"wp-block-cover__inner-container is-layout-flow wp-block-cover-is-layout-flow\">\n<p class=\"has-text-align-center has-large-font-size\"><\/p>\n<\/div><\/div>\n\n\n\n<div class=\"wp-block-group has-small-font-size is-layout-flow wp-block-group-is-layout-flow\" style=\"padding-top:50px;padding-right:50px;padding-bottom:50px;padding-left:50px\">\n<div class=\"wp-block-columns is-layout-flex wp-container-core-columns-is-layout-28f84493 wp-block-columns-is-layout-flex\">\n<div class=\"wp-block-column is-layout-flow wp-block-column-is-layout-flow\">\n<figure data-spectra-id=\"spectra-mm9s2cmw-pmqfrs\" class=\"wp-block-image size-full\"><img loading=\"lazy\" decoding=\"async\" width=\"737\" height=\"563\" src=\"https:\/\/magmalighting.com\/wp-content\/uploads\/2026\/04\/2-esquico_2-1.jpg\" alt=\"2 esquico 2\" class=\"wp-image-3724\" title=\"FPF - Magma Lighting\" srcset=\"https:\/\/magmalighting.com\/wp-content\/uploads\/2026\/04\/2-esquico_2-1.jpg 737w, https:\/\/magmalighting.com\/wp-content\/uploads\/2026\/04\/2-esquico_2-1-300x229.jpg 300w, https:\/\/magmalighting.com\/wp-content\/uploads\/2026\/04\/2-esquico_2-1-16x12.jpg 16w\" sizes=\"auto, (max-width: 737px) 100vw, 737px\" \/><\/figure>\n<\/div>\n\n\n\n<div class=\"wp-block-column is-layout-flow wp-block-column-is-layout-flow\">\n<figure data-spectra-id=\"spectra-mm9s5rco-qzpq1t\" class=\"wp-block-image size-large\"><img loading=\"lazy\" decoding=\"async\" width=\"1024\" height=\"790\" src=\"https:\/\/magmalighting.com\/wp-content\/uploads\/2026\/04\/1-1-1024x790.jpg\" alt=\"1\" class=\"wp-image-3684\" title=\"FPF - Magma Lighting\" srcset=\"https:\/\/magmalighting.com\/wp-content\/uploads\/2026\/04\/1-1-1024x790.jpg 1024w, https:\/\/magmalighting.com\/wp-content\/uploads\/2026\/04\/1-1-300x231.jpg 300w, https:\/\/magmalighting.com\/wp-content\/uploads\/2026\/04\/1-1-768x592.jpg 768w, https:\/\/magmalighting.com\/wp-content\/uploads\/2026\/04\/1-1-1536x1185.jpg 1536w, https:\/\/magmalighting.com\/wp-content\/uploads\/2026\/04\/1-1-16x12.jpg 16w, https:\/\/magmalighting.com\/wp-content\/uploads\/2026\/04\/1-1.jpg 1814w\" sizes=\"auto, (max-width: 1024px) 100vw, 1024px\" \/><\/figure>\n<\/div>\n<\/div>\n\n\n\n<div class=\"wp-block-columns is-layout-flex wp-container-core-columns-is-layout-28f84493 wp-block-columns-is-layout-flex\">\n<div class=\"wp-block-column is-layout-flow wp-block-column-is-layout-flow\">\n<figure data-spectra-id=\"spectra-mni4diot-jt5rpa\" class=\"wp-block-image size-full\"><img loading=\"lazy\" decoding=\"async\" width=\"564\" height=\"750\" src=\"https:\/\/magmalighting.com\/wp-content\/uploads\/2026\/04\/n_sketches_portofolio_2-1.jpg\" alt=\"n sketches portofolio 2\" class=\"wp-image-3726\" title=\"FPF - Magma Lighting\" srcset=\"https:\/\/magmalighting.com\/wp-content\/uploads\/2026\/04\/n_sketches_portofolio_2-1.jpg 564w, https:\/\/magmalighting.com\/wp-content\/uploads\/2026\/04\/n_sketches_portofolio_2-1-226x300.jpg 226w, https:\/\/magmalighting.com\/wp-content\/uploads\/2026\/04\/n_sketches_portofolio_2-1-9x12.jpg 9w\" sizes=\"auto, (max-width: 564px) 100vw, 564px\" \/><\/figure>\n<\/div>\n\n\n\n<div class=\"wp-block-column is-layout-flow wp-block-column-is-layout-flow\">\n<figure data-spectra-id=\"spectra-e9ed041e-0037-4712-b211-348747e37daa\" class=\"wp-block-image size-large\"><img loading=\"lazy\" decoding=\"async\" width=\"768\" height=\"1024\" src=\"https:\/\/magmalighting.com\/wp-content\/uploads\/2026\/04\/6-esports-768x1024.jpg\" alt=\"6 esports\" class=\"wp-image-3691\" title=\"FPF - Magma Lighting\" srcset=\"https:\/\/magmalighting.com\/wp-content\/uploads\/2026\/04\/6-esports-768x1024.jpg 768w, https:\/\/magmalighting.com\/wp-content\/uploads\/2026\/04\/6-esports-225x300.jpg 225w, https:\/\/magmalighting.com\/wp-content\/uploads\/2026\/04\/6-esports-1152x1536.jpg 1152w, https:\/\/magmalighting.com\/wp-content\/uploads\/2026\/04\/6-esports-1536x2048.jpg 1536w, https:\/\/magmalighting.com\/wp-content\/uploads\/2026\/04\/6-esports-9x12.jpg 9w, https:\/\/magmalighting.com\/wp-content\/uploads\/2026\/04\/6-esports.jpg 1854w\" sizes=\"auto, (max-width: 768px) 100vw, 768px\" \/><\/figure>\n<\/div>\n<\/div>\n\n\n\n<div class=\"wp-block-columns is-layout-flex wp-container-core-columns-is-layout-28f84493 wp-block-columns-is-layout-flex\">\n<div class=\"wp-block-column is-layout-flow wp-block-column-is-layout-flow\">\n<figure data-spectra-id=\"spectra-mni59ls9-juzqwh\" class=\"wp-block-image size-large\"><img loading=\"lazy\" decoding=\"async\" width=\"1024\" height=\"790\" src=\"https:\/\/magmalighting.com\/wp-content\/uploads\/2026\/04\/DSC01789_x-1024x790.jpg\" alt=\"dsc01789 x\" class=\"wp-image-3728\" title=\"FPF - Magma Lighting\" srcset=\"https:\/\/magmalighting.com\/wp-content\/uploads\/2026\/04\/DSC01789_x-1024x790.jpg 1024w, https:\/\/magmalighting.com\/wp-content\/uploads\/2026\/04\/DSC01789_x-300x231.jpg 300w, https:\/\/magmalighting.com\/wp-content\/uploads\/2026\/04\/DSC01789_x-768x592.jpg 768w, https:\/\/magmalighting.com\/wp-content\/uploads\/2026\/04\/DSC01789_x-16x12.jpg 16w, https:\/\/magmalighting.com\/wp-content\/uploads\/2026\/04\/DSC01789_x.jpg 1297w\" sizes=\"auto, (max-width: 1024px) 100vw, 1024px\" \/><\/figure>\n<\/div>\n\n\n\n<div class=\"wp-block-column is-layout-flow wp-block-column-is-layout-flow\">\n<figure data-spectra-id=\"spectra-mni59vrc-brcm97\" class=\"wp-block-image size-large\"><img loading=\"lazy\" decoding=\"async\" width=\"1024\" height=\"790\" src=\"https:\/\/magmalighting.com\/wp-content\/uploads\/2026\/04\/DSC01789x-1024x790.jpg\" alt=\"dsc01789x\" class=\"wp-image-3729\" title=\"FPF - Magma Lighting\" srcset=\"https:\/\/magmalighting.com\/wp-content\/uploads\/2026\/04\/DSC01789x-1024x790.jpg 1024w, https:\/\/magmalighting.com\/wp-content\/uploads\/2026\/04\/DSC01789x-300x231.jpg 300w, https:\/\/magmalighting.com\/wp-content\/uploads\/2026\/04\/DSC01789x-768x592.jpg 768w, https:\/\/magmalighting.com\/wp-content\/uploads\/2026\/04\/DSC01789x-16x12.jpg 16w, https:\/\/magmalighting.com\/wp-content\/uploads\/2026\/04\/DSC01789x.jpg 1297w\" sizes=\"auto, (max-width: 1024px) 100vw, 1024px\" \/><\/figure>\n<\/div>\n<\/div>\n\n\n\n<div class=\"wp-block-columns is-layout-flex wp-container-core-columns-is-layout-28f84493 wp-block-columns-is-layout-flex\">\n<div class=\"wp-block-column is-layout-flow wp-block-column-is-layout-flow\">\n<figure data-spectra-id=\"spectra-mnghjguv-6o5lo2\" class=\"wp-block-image size-full\"><img loading=\"lazy\" decoding=\"async\" width=\"1000\" height=\"1001\" src=\"https:\/\/magmalighting.com\/wp-content\/uploads\/2026\/04\/1-desenhos_x.jpg\" alt=\"1 desenhos x\" class=\"wp-image-3730\" title=\"FPF - Magma Lighting\" srcset=\"https:\/\/magmalighting.com\/wp-content\/uploads\/2026\/04\/1-desenhos_x.jpg 1000w, https:\/\/magmalighting.com\/wp-content\/uploads\/2026\/04\/1-desenhos_x-300x300.jpg 300w, https:\/\/magmalighting.com\/wp-content\/uploads\/2026\/04\/1-desenhos_x-150x150.jpg 150w, https:\/\/magmalighting.com\/wp-content\/uploads\/2026\/04\/1-desenhos_x-768x769.jpg 768w, https:\/\/magmalighting.com\/wp-content\/uploads\/2026\/04\/1-desenhos_x-12x12.jpg 12w\" sizes=\"auto, (max-width: 1000px) 100vw, 1000px\" \/><\/figure>\n<\/div>\n\n\n\n<div class=\"wp-block-column is-layout-flow wp-block-column-is-layout-flow\">\n<figure data-spectra-id=\"spectra-c5d139cb-73e6-4899-916e-7fc03a779037\" class=\"wp-block-image size-full\"><img loading=\"lazy\" decoding=\"async\" width=\"1002\" height=\"1000\" src=\"https:\/\/magmalighting.com\/wp-content\/uploads\/2026\/04\/6-tp_x.jpg\" alt=\"6 tp x\" class=\"wp-image-3731\" title=\"FPF - Magma Lighting\" srcset=\"https:\/\/magmalighting.com\/wp-content\/uploads\/2026\/04\/6-tp_x.jpg 1002w, https:\/\/magmalighting.com\/wp-content\/uploads\/2026\/04\/6-tp_x-300x300.jpg 300w, https:\/\/magmalighting.com\/wp-content\/uploads\/2026\/04\/6-tp_x-150x150.jpg 150w, https:\/\/magmalighting.com\/wp-content\/uploads\/2026\/04\/6-tp_x-768x766.jpg 768w, https:\/\/magmalighting.com\/wp-content\/uploads\/2026\/04\/6-tp_x-12x12.jpg 12w\" sizes=\"auto, (max-width: 1002px) 100vw, 1002px\" \/><\/figure>\n<\/div>\n<\/div>\n\n\n\n<div class=\"wp-block-columns is-layout-flex wp-container-core-columns-is-layout-28f84493 wp-block-columns-is-layout-flex\">\n<div class=\"wp-block-column is-layout-flow wp-block-column-is-layout-flow\">\n<figure data-spectra-id=\"spectra-62c1b74e-ce89-42a4-bacd-b164f2f4dabd\" class=\"wp-block-image size-full\"><img loading=\"lazy\" decoding=\"async\" width=\"1000\" height=\"1000\" src=\"https:\/\/magmalighting.com\/wp-content\/uploads\/2026\/04\/3-camera-3.jpg\" alt=\"3 camera\" class=\"wp-image-3707\" title=\"FPF - Magma Lighting\" srcset=\"https:\/\/magmalighting.com\/wp-content\/uploads\/2026\/04\/3-camera-3.jpg 1000w, https:\/\/magmalighting.com\/wp-content\/uploads\/2026\/04\/3-camera-3-300x300.jpg 300w, https:\/\/magmalighting.com\/wp-content\/uploads\/2026\/04\/3-camera-3-150x150.jpg 150w, https:\/\/magmalighting.com\/wp-content\/uploads\/2026\/04\/3-camera-3-768x768.jpg 768w, https:\/\/magmalighting.com\/wp-content\/uploads\/2026\/04\/3-camera-3-12x12.jpg 12w\" sizes=\"auto, (max-width: 1000px) 100vw, 1000px\" \/><\/figure>\n<\/div>\n\n\n\n<div class=\"wp-block-column is-layout-flow wp-block-column-is-layout-flow\">\n<figure data-spectra-id=\"spectra-27a172b8-b7b4-42a5-9d37-7bef1025370a\" class=\"wp-block-image size-full\"><img loading=\"lazy\" decoding=\"async\" width=\"2133\" height=\"2133\" src=\"https:\/\/magmalighting.com\/wp-content\/uploads\/2026\/04\/4-tp-1.jpg\" alt=\"4 tp\" class=\"wp-image-3708\" title=\"FPF - Magma Lighting\" srcset=\"https:\/\/magmalighting.com\/wp-content\/uploads\/2026\/04\/4-tp-1.jpg 2133w, https:\/\/magmalighting.com\/wp-content\/uploads\/2026\/04\/4-tp-1-300x300.jpg 300w, https:\/\/magmalighting.com\/wp-content\/uploads\/2026\/04\/4-tp-1-1024x1024.jpg 1024w, https:\/\/magmalighting.com\/wp-content\/uploads\/2026\/04\/4-tp-1-150x150.jpg 150w, https:\/\/magmalighting.com\/wp-content\/uploads\/2026\/04\/4-tp-1-768x768.jpg 768w, https:\/\/magmalighting.com\/wp-content\/uploads\/2026\/04\/4-tp-1-1536x1536.jpg 1536w, https:\/\/magmalighting.com\/wp-content\/uploads\/2026\/04\/4-tp-1-2048x2048.jpg 2048w, https:\/\/magmalighting.com\/wp-content\/uploads\/2026\/04\/4-tp-1-12x12.jpg 12w\" sizes=\"auto, (max-width: 2133px) 100vw, 2133px\" \/><\/figure>\n<\/div>\n<\/div>\n\n\n\n<div class=\"wp-block-columns is-layout-flex wp-container-core-columns-is-layout-28f84493 wp-block-columns-is-layout-flex\">\n<div class=\"wp-block-column is-layout-flow wp-block-column-is-layout-flow\">\n<figure data-spectra-id=\"spectra-c2248676-8b55-463a-a499-aaaa8cd1f0a8\" class=\"wp-block-image size-full\"><img loading=\"lazy\" decoding=\"async\" width=\"1337\" height=\"1000\" src=\"https:\/\/magmalighting.com\/wp-content\/uploads\/2026\/04\/IMG_7503E_x.jpg\" alt=\"img 7503e x\" class=\"wp-image-3768\" title=\"FPF - Magma Lighting\" srcset=\"https:\/\/magmalighting.com\/wp-content\/uploads\/2026\/04\/IMG_7503E_x.jpg 1337w, https:\/\/magmalighting.com\/wp-content\/uploads\/2026\/04\/IMG_7503E_x-300x224.jpg 300w, https:\/\/magmalighting.com\/wp-content\/uploads\/2026\/04\/IMG_7503E_x-1024x766.jpg 1024w, https:\/\/magmalighting.com\/wp-content\/uploads\/2026\/04\/IMG_7503E_x-768x574.jpg 768w, https:\/\/magmalighting.com\/wp-content\/uploads\/2026\/04\/IMG_7503E_x-16x12.jpg 16w\" sizes=\"auto, (max-width: 1337px) 100vw, 1337px\" \/><\/figure>\n<\/div>\n\n\n\n<div class=\"wp-block-column is-layout-flow wp-block-column-is-layout-flow\">\n<figure data-spectra-id=\"spectra-a75b4f18-c125-4da1-9028-da3520fc3593\" class=\"wp-block-image size-full\"><img loading=\"lazy\" decoding=\"async\" width=\"1337\" height=\"1000\" src=\"https:\/\/magmalighting.com\/wp-content\/uploads\/2026\/04\/IMG_7502_x.jpg\" alt=\"img 7502 x\" class=\"wp-image-3761\" title=\"FPF - Magma Lighting\" srcset=\"https:\/\/magmalighting.com\/wp-content\/uploads\/2026\/04\/IMG_7502_x.jpg 1337w, https:\/\/magmalighting.com\/wp-content\/uploads\/2026\/04\/IMG_7502_x-300x224.jpg 300w, https:\/\/magmalighting.com\/wp-content\/uploads\/2026\/04\/IMG_7502_x-1024x766.jpg 1024w, https:\/\/magmalighting.com\/wp-content\/uploads\/2026\/04\/IMG_7502_x-768x574.jpg 768w, https:\/\/magmalighting.com\/wp-content\/uploads\/2026\/04\/IMG_7502_x-16x12.jpg 16w\" sizes=\"auto, (max-width: 1337px) 100vw, 1337px\" \/><\/figure>\n<\/div>\n<\/div>\n\n\n\n<div class=\"wp-block-media-text is-stacked-on-mobile\" style=\"grid-template-columns:36% auto\"><figure class=\"wp-block-media-text__media\"><img loading=\"lazy\" decoding=\"async\" width=\"659\" height=\"1024\" src=\"https:\/\/magmalighting.com\/wp-content\/uploads\/2026\/04\/8-tp-2-659x1024.jpg\" alt=\"8 tp\" class=\"wp-image-3705 size-full\" title=\"FPF - Magma Lighting\" srcset=\"https:\/\/magmalighting.com\/wp-content\/uploads\/2026\/04\/8-tp-2-659x1024.jpg 659w, https:\/\/magmalighting.com\/wp-content\/uploads\/2026\/04\/8-tp-2-193x300.jpg 193w, https:\/\/magmalighting.com\/wp-content\/uploads\/2026\/04\/8-tp-2-768x1194.jpg 768w, https:\/\/magmalighting.com\/wp-content\/uploads\/2026\/04\/8-tp-2-988x1536.jpg 988w, https:\/\/magmalighting.com\/wp-content\/uploads\/2026\/04\/8-tp-2-1318x2048.jpg 1318w, https:\/\/magmalighting.com\/wp-content\/uploads\/2026\/04\/8-tp-2-8x12.jpg 8w, https:\/\/magmalighting.com\/wp-content\/uploads\/2026\/04\/8-tp-2-scaled.jpg 1647w\" sizes=\"auto, (max-width: 659px) 100vw, 659px\" \/><\/figure><div class=\"wp-block-media-text__content\">\n<p>FPF \u2014 CIDADE DO FUTEBOL \u2014 CRUZ QUEBRADA<\/p>\n\n\n\n<p>Conceito e Projecto \u2014 MAGMA<\/p>\n\n\n\n<p>Solu\u00e7\u00f5es de ilumina\u00e7\u00e3o e Produ\u00e7\u00e3o \u2014 LETRATEC<\/p>\n\n\n\n<p>Fotografia \u2014 MAGMA<\/p>\n<\/div><\/div>\n<\/div>\n\n\n\n<p><\/p>\n\n\n\n<p><\/p>","protected":false},"excerpt":{"rendered":"<p>FPF &#8211; CIDADE DO FUTEBOL &#8211; CRUZ QUEBRADA Project design &#8211; MAGMA Lighting solutions and Production &#8211; LETRATEC Photography &#8211; MAGMA<\/p>","protected":false},"author":2,"featured_media":0,"parent":0,"menu_order":0,"comment_status":"closed","ping_status":"closed","template":"","meta":{"_uag_custom_page_level_css":"","site-sidebar-layout":"no-sidebar","site-content-layout":"plain-container","ast-site-content-layout":"normal-width-container","site-content-style":"unboxed","site-sidebar-style":"unboxed","ast-global-header-display":"","ast-banner-title-visibility":"","ast-main-header-display":"","ast-hfb-above-header-display":"","ast-hfb-below-header-display":"","ast-hfb-mobile-header-display":"","site-post-title":"disabled","ast-breadcrumbs-content":"","ast-featured-img":"disabled","footer-sml-layout":"","ast-disable-related-posts":"","theme-transparent-header-meta":"enabled","adv-header-id-meta":"","stick-header-meta":"","header-above-stick-meta":"","header-main-stick-meta":"","header-below-stick-meta":"","astra-migrate-meta-layouts":"set","ast-page-background-enabled":"default","ast-page-background-meta":{"desktop":{"background-color":"","background-image":"","background-repeat":"repeat","background-position":"center center","background-size":"auto","background-attachment":"scroll","background-type":"","background-media":"","overlay-type":"","overlay-color":"","overlay-opacity":"","overlay-gradient":""},"tablet":{"background-color":"","background-image":"","background-repeat":"repeat","background-position":"center center","background-size":"auto","background-attachment":"scroll","background-type":"","background-media":"","overlay-type":"","overlay-color":"","overlay-opacity":"","overlay-gradient":""},"mobile":{"background-color":"","background-image":"","background-repeat":"repeat","background-position":"center center","background-size":"auto","background-attachment":"scroll","background-type":"","background-media":"","overlay-type":"","overlay-color":"","overlay-opacity":"","overlay-gradient":""}},"ast-content-background-meta":{"desktop":{"background-color":"var(--ast-global-color-5)","background-image":"","background-repeat":"repeat","background-position":"center center","background-size":"auto","background-attachment":"scroll","background-type":"","background-media":"","overlay-type":"","overlay-color":"","overlay-opacity":"","overlay-gradient":""},"tablet":{"background-color":"var(--ast-global-color-5)","background-image":"","background-repeat":"repeat","background-position":"center center","background-size":"auto","background-attachment":"scroll","background-type":"","background-media":"","overlay-type":"","overlay-color":"","overlay-opacity":"","overlay-gradient":""},"mobile":{"background-color":"var(--ast-global-color-5)","background-image":"","background-repeat":"repeat","background-position":"center center","background-size":"auto","background-attachment":"scroll","background-type":"","background-media":"","overlay-type":"","overlay-color":"","overlay-opacity":"","overlay-gradient":""}},"footnotes":""},"class_list":["post-3679","page","type-page","status-publish","hentry"],"_hostinger_reach_plugin_has_subscription_block":false,"_hostinger_reach_plugin_is_elementor":false,"uagb_featured_image_src":{"full":false,"thumbnail":false,"medium":false,"medium_large":false,"large":false,"1536x1536":false,"2048x2048":false,"trp-custom-language-flag":false},"uagb_author_info":{"display_name":"Magma Lighting","author_link":"https:\/\/magmalighting.com\/pt\/author\/magma_admin\/"},"uagb_comment_info":0,"uagb_excerpt":"FPF &#8211; CIDADE DO FUTEBOL &#8211; CRUZ QUEBRADA Project design &#8211; MAGMA Lighting solutions and Production &#8211; LETRATEC Photography &#8211; MAGMA","_links":{"self":[{"href":"https:\/\/magmalighting.com\/pt\/wp-json\/wp\/v2\/pages\/3679","targetHints":{"allow":["GET"]}}],"collection":[{"href":"https:\/\/magmalighting.com\/pt\/wp-json\/wp\/v2\/pages"}],"about":[{"href":"https:\/\/magmalighting.com\/pt\/wp-json\/wp\/v2\/types\/page"}],"author":[{"embeddable":true,"href":"https:\/\/magmalighting.com\/pt\/wp-json\/wp\/v2\/users\/2"}],"replies":[{"embeddable":true,"href":"https:\/\/magmalighting.com\/pt\/wp-json\/wp\/v2\/comments?post=3679"}],"version-history":[{"count":9,"href":"https:\/\/magmalighting.com\/pt\/wp-json\/wp\/v2\/pages\/3679\/revisions"}],"predecessor-version":[{"id":3783,"href":"https:\/\/magmalighting.com\/pt\/wp-json\/wp\/v2\/pages\/3679\/revisions\/3783"}],"wp:attachment":[{"href":"https:\/\/magmalighting.com\/pt\/wp-json\/wp\/v2\/media?parent=3679"}],"curies":[{"name":"wp","href":"https:\/\/api.w.org\/{rel}","templated":true}]}}