{"id":962,"date":"2026-02-23T12:50:35","date_gmt":"2026-02-23T12:50:35","guid":{"rendered":"https:\/\/aqua-dugong-302687.hostingersite.com\/about\/"},"modified":"2026-04-03T03:12:50","modified_gmt":"2026-04-03T03:12:50","slug":"about","status":"publish","type":"page","link":"https:\/\/magmalighting.com\/pt\/about\/","title":{"rendered":"Sobre N\u00f3s"},"content":{"rendered":"<div data-spectra-id=\"spectra-mh8trqzg-a6v1ep\"\tstyle=\"overflow: visible; --spectra-overlay-opacity: 0.5; --spectra-box-shadow: 0px 0px 0px -50px #ffffff; --spectra-z-index: -100;\" class=\"spectra-is-root-container alignwide spectra-overlay-color spectra-overflow spectra-dim-ratio spectra-box-shadow wp-block-spectra-container has-z-index\" data-orientation=\"vertical\"\t>\n\t\n\n<h1 class=\"wp-block-heading\" style=\"font-size:10px\">ABOUT MAGMA LIGHTING<\/h1>\n\n<\/div>\n\n\n<div data-spectra-id=\"spectra-mh8px1yr-1ib115\"\tstyle=\"overflow: visible; --spectra-background-color: #ffffff; --spectra-overlay-opacity: 1; --spectra-box-shadow: inset 0px 0px 0px 0px transparent; --spectra-z-index: 470;\" class=\"spectra-is-root-container alignfull spectra-overlay-color spectra-overflow spectra-background-color spectra-dim-ratio spectra-box-shadow wp-block-spectra-container has-z-index\" data-orientation=\"vertical\"\t>\n\t\n\n<div class=\"wp-block-columns is-layout-flex wp-container-core-columns-is-layout-28f84493 wp-block-columns-is-layout-flex\">\n<div class=\"wp-block-column is-layout-flow wp-block-column-is-layout-flow\">\n<div class=\"wp-block-media-text is-stacked-on-mobile is-vertically-aligned-top\"><figure class=\"wp-block-media-text__media\"><img loading=\"lazy\" decoding=\"async\" width=\"592\" height=\"593\" src=\"https:\/\/magmalighting.com\/wp-content\/uploads\/2026\/02\/henriquevieira-4.png\" alt=\"henriquevieira\" class=\"wp-image-2600 size-full\" title=\"Sobre N\u00f3s\" srcset=\"https:\/\/magmalighting.com\/wp-content\/uploads\/2026\/02\/henriquevieira-4.png 592w, https:\/\/magmalighting.com\/wp-content\/uploads\/2026\/02\/henriquevieira-4-300x300.png 300w, https:\/\/magmalighting.com\/wp-content\/uploads\/2026\/02\/henriquevieira-4-150x150.png 150w\" sizes=\"auto, (max-width: 592px) 100vw, 592px\" \/><\/figure><div class=\"wp-block-media-text__content\">\n<p>HENRIQUE VIEIRA<\/p>\n\n\n\n<p>Henrique Vieira estudou na Faculdade de Arquitectura da Universidade do Porto, onde concluiu o Mestrado em Arquitectura. Desenvolveu um conjunto de compet\u00eancias complementares forjadas ao longo de um percurso profissional diverso. Nos \u00faltimos anos, dedicou-se \u00e0 investiga\u00e7\u00e3o sobre a luz, articulando perspectivas hist\u00f3ricas, art\u00edsticas e t\u00e9cnicas. Este trabalho culminou na formula\u00e7\u00e3o de um enquadramento operativo no qual a luz \u00e9 compreendida como um agente activo no espa\u00e7o arquitect\u00f3nico.<\/p>\n<\/div><\/div>\n<\/div>\n\n\n\n<div class=\"wp-block-column is-layout-flow wp-block-column-is-layout-flow\">\n<div class=\"wp-block-media-text is-stacked-on-mobile is-vertically-aligned-top\" style=\"padding-left:0px\"><figure class=\"wp-block-media-text__media\"><img loading=\"lazy\" decoding=\"async\" width=\"592\" height=\"593\" src=\"https:\/\/magmalighting.com\/wp-content\/uploads\/2026\/02\/manuelalao-7.png\" alt=\"manuelalao\" class=\"wp-image-2602 size-full\" title=\"Sobre N\u00f3s\" srcset=\"https:\/\/magmalighting.com\/wp-content\/uploads\/2026\/02\/manuelalao-7.png 592w, https:\/\/magmalighting.com\/wp-content\/uploads\/2026\/02\/manuelalao-7-300x300.png 300w, https:\/\/magmalighting.com\/wp-content\/uploads\/2026\/02\/manuelalao-7-150x150.png 150w\" sizes=\"auto, (max-width: 592px) 100vw, 592px\" \/><\/figure><div class=\"wp-block-media-text__content\">\n<p>MANUEL AL\u00c3O<\/p>\n\n\n\n<p>Manuel Al\u00e3o \u00e9 um Designer de Ilumina\u00e7\u00e3o Arquitect\u00f3nica sediado no Porto, Portugal, com mais de 20 anos de experi\u00eancia na cria\u00e7\u00e3o de luz para museus, teatros, restaurantes e habita\u00e7\u00f5es privadas. O seu trabalho alia rigor t\u00e9cnico a uma vis\u00e3o criativa, moldando espa\u00e7os simultaneamente funcionais e emocionalmente envolventes. Desenvolveu ainda esculturas de luz para festivais e desempenhou fun\u00e7\u00f5es de director t\u00e9cnico em teatros e eventos culturais, coordenando projectos complexos e equipas de grande dimens\u00e3o.<\/p>\n<\/div><\/div>\n<\/div>\n<\/div>\n\n<\/div>\n\n\n<div data-spectra-id=\"spectra-bac7952e-6a13-4ce2-8cb6-43ae364f2af5\"\tstyle=\"overflow: visible; --spectra-text-color-hover: var(--ast-global-color-6); --spectra-background-color: #000000; --spectra-overlay-opacity: 1; --spectra-box-shadow: inset 0px 0px 0px 0px transparent; --spectra-z-index: 470;\" class=\"spectra-is-root-container alignfull spectra-overlay-color spectra-overflow spectra-text-color-hover spectra-background-color spectra-dim-ratio spectra-box-shadow wp-block-spectra-container has-z-index\" data-orientation=\"vertical\"\t>\n\t\n\n<h2 class=\"wp-block-heading has-white-color has-text-color has-link-color has-default-font-family wp-elements-cee3dbc6eb993a6ac34748349a722d42 wp-container-content-9cfa9a5a\" style=\"margin-bottom:55px;padding-top:25px;padding-right:0px;padding-bottom:25px;padding-left:0px;font-family:Default;font-size:2rem\">A Luz \u2014 uma For\u00e7a Poderosa Oculta revelada como uma Experi\u00eancia Espacial <\/h2>\n\n\n\n<div class=\"wp-block-group is-vertical is-layout-flex wp-container-core-group-is-layout-a4f8cc12 wp-block-group-is-layout-flex\" style=\"padding-right:0;padding-left:0\">\n<div class=\"wp-block-group is-layout-constrained wp-block-group-is-layout-constrained\">\n<div class=\"wp-block-group is-layout-constrained wp-block-group-is-layout-constrained\">\n<p class=\"has-text-align-left has-white-color has-text-color has-link-color wp-elements-38ac6170c2a01524c646c21f78e9f212\" style=\"padding-right:0px;padding-left:0px\">A Magma \u00e9 um est\u00fadio de projectos de ilumina\u00e7\u00e3o enraizado no di\u00e1logo silencioso entre a luz e a sombra. Inspirados por Jun\u2019ichir\u014d Tanizaki e pelas suas reflex\u00f5es em <em>In Praise of Shadows<\/em>, acreditamos que a ilumina\u00e7\u00e3o deve ser tratada com consci\u00eancia e parcim\u00f3nia; como atmosfera, moldando os espa\u00e7os atrav\u00e9s do contraste, da profundidade e de um brilho subtil.<\/p>\n<\/div>\n\n\n\n<p class=\"has-text-align-left has-white-color has-text-color has-link-color wp-elements-194d8eadb738ad262a631ff022ad0d25\" style=\"padding-right:0px;padding-left:0px\">Tal como a mat\u00e9ria em fus\u00e3o sob a superf\u00edcie, a Magma representa uma luz que se revela lentamente, permitindo que a sombra defina a forma e que a luz evoque a emo\u00e7\u00e3o. Criamos ambientes luminosos onde a escurid\u00e3o transporta presen\u00e7a \u2014 um espa\u00e7o para a textura, o sil\u00eancio e a contempla\u00e7\u00e3o.<\/p>\n\n\n\n<p class=\"has-text-align-left has-white-color has-text-color has-link-color wp-elements-08dbae633506d8a38be4188297096070\" style=\"padding-right:0px;padding-left:0px\">A nossa ilumina\u00e7\u00e3o integra-se de forma cont\u00ednua na arquitectura, elevando a sua identidade e intensificando a experi\u00eancia de quem a habita. Cada projecto torna-se um di\u00e1logo composto entre luz, espa\u00e7o e percep\u00e7\u00e3o \u2014 intemporal, preciso e profundamente sentido.<\/p>\n\n\n\n<p><strong>From this standpoint, we approach each project as a unified whole. This allows us to operate beyond lighting design \u2014 where spatial composition and corporate identity can be carefully shaped to reflect its narrative and values.<\/strong><\/p>\n\n\n\n<hr class=\"wp-block-separator has-alpha-channel-opacity\" \/>\n<\/div>\n<\/div>\n\n\n<div data-spectra-id=\"spectra-04f073f9-buttons\" class=\"wp-block-button spectra-buttons wp-block-spectra-buttons\">\n\t\n<a data-spectra-id=\"spectra-mm04kckd-nyu7aq\" href=\"https:\/\/magmalighting.com\/pt\/philosophy\/\" target=\"_self\" aria-label=\"Mais sobre a nossa Filosofia\" style=\"--spectra-text-color: ast-global-color-6;--spectra-text-color-hover: var(--ast-global-color-5);--spectra-background-color: ast-global-color-3;--spectra-background-color-hover: #000000\" class=\"wp-block-button__link wp-element-button spectra-text-color spectra-text-color-hover spectra-background-color spectra-background-color-hover wp-elements-a60e2e36d17b447066e7bb258f0de108 wp-block-spectra-button has-text-color has-ast-global-color-6-color has-background has-ast-global-color-3-background-color\">\n<div class=\"spectra-button__link\">Mais sobre a nossa Filosofia<\/div><\/a>\n\n<\/div>\n\n<\/div>\n\n\n\n<p><\/p>","protected":false},"excerpt":{"rendered":"","protected":false},"author":2,"featured_media":2542,"parent":0,"menu_order":0,"comment_status":"closed","ping_status":"closed","template":"","meta":{"_uag_custom_page_level_css":"","site-sidebar-layout":"no-sidebar","site-content-layout":"plain-container","ast-site-content-layout":"full-width-container","site-content-style":"unboxed","site-sidebar-style":"unboxed","ast-global-header-display":"","ast-banner-title-visibility":"","ast-main-header-display":"","ast-hfb-above-header-display":"","ast-hfb-below-header-display":"","ast-hfb-mobile-header-display":"","site-post-title":"disabled","ast-breadcrumbs-content":"","ast-featured-img":"disabled","footer-sml-layout":"","ast-disable-related-posts":"","theme-transparent-header-meta":"enabled","adv-header-id-meta":"","stick-header-meta":"","header-above-stick-meta":"","header-main-stick-meta":"","header-below-stick-meta":"","astra-migrate-meta-layouts":"set","ast-page-background-enabled":"default","ast-page-background-meta":{"desktop":{"background-color":"","background-image":"","background-repeat":"repeat","background-position":"center center","background-size":"auto","background-attachment":"scroll","background-type":"","background-media":"","overlay-type":"","overlay-color":"","overlay-opacity":"","overlay-gradient":""},"tablet":{"background-color":"","background-image":"","background-repeat":"repeat","background-position":"center center","background-size":"auto","background-attachment":"scroll","background-type":"","background-media":"","overlay-type":"","overlay-color":"","overlay-opacity":"","overlay-gradient":""},"mobile":{"background-color":"","background-image":"","background-repeat":"repeat","background-position":"center center","background-size":"auto","background-attachment":"scroll","background-type":"","background-media":"","overlay-type":"","overlay-color":"","overlay-opacity":"","overlay-gradient":""}},"ast-content-background-meta":{"desktop":{"background-color":"var(--ast-global-color-5)","background-image":"","background-repeat":"repeat","background-position":"center center","background-size":"auto","background-attachment":"scroll","background-type":"","background-media":"","overlay-type":"","overlay-color":"","overlay-opacity":"","overlay-gradient":""},"tablet":{"background-color":"var(--ast-global-color-5)","background-image":"","background-repeat":"repeat","background-position":"center center","background-size":"auto","background-attachment":"scroll","background-type":"","background-media":"","overlay-type":"","overlay-color":"","overlay-opacity":"","overlay-gradient":""},"mobile":{"background-color":"var(--ast-global-color-5)","background-image":"","background-repeat":"repeat","background-position":"center center","background-size":"auto","background-attachment":"scroll","background-type":"","background-media":"","overlay-type":"","overlay-color":"","overlay-opacity":"","overlay-gradient":""}},"footnotes":""},"class_list":["post-962","page","type-page","status-publish","has-post-thumbnail","hentry"],"_hostinger_reach_plugin_has_subscription_block":false,"_hostinger_reach_plugin_is_elementor":false,"uagb_featured_image_src":{"full":["https:\/\/magmalighting.com\/wp-content\/uploads\/2026\/02\/dark-background-scaled.jpg",2560,1920,false],"thumbnail":["https:\/\/magmalighting.com\/wp-content\/uploads\/2026\/02\/dark-background-150x150.jpg",150,150,true],"medium":["https:\/\/magmalighting.com\/wp-content\/uploads\/2026\/02\/dark-background-300x225.jpg",300,225,true],"medium_large":["https:\/\/magmalighting.com\/wp-content\/uploads\/2026\/02\/dark-background-768x576.jpg",768,576,true],"large":["https:\/\/magmalighting.com\/wp-content\/uploads\/2026\/02\/dark-background-1024x768.jpg",1024,768,true],"1536x1536":["https:\/\/magmalighting.com\/wp-content\/uploads\/2026\/02\/dark-background-1536x1152.jpg",1536,1152,true],"2048x2048":["https:\/\/magmalighting.com\/wp-content\/uploads\/2026\/02\/dark-background-2048x1536.jpg",2048,1536,true],"trp-custom-language-flag":["https:\/\/magmalighting.com\/wp-content\/uploads\/2026\/02\/dark-background-scaled.jpg",16,12,false]},"uagb_author_info":{"display_name":"Magma Lighting","author_link":"https:\/\/magmalighting.com\/pt\/author\/magma_admin\/"},"uagb_comment_info":0,"uagb_excerpt":null,"_links":{"self":[{"href":"https:\/\/magmalighting.com\/pt\/wp-json\/wp\/v2\/pages\/962","targetHints":{"allow":["GET"]}}],"collection":[{"href":"https:\/\/magmalighting.com\/pt\/wp-json\/wp\/v2\/pages"}],"about":[{"href":"https:\/\/magmalighting.com\/pt\/wp-json\/wp\/v2\/types\/page"}],"author":[{"embeddable":true,"href":"https:\/\/magmalighting.com\/pt\/wp-json\/wp\/v2\/users\/2"}],"replies":[{"embeddable":true,"href":"https:\/\/magmalighting.com\/pt\/wp-json\/wp\/v2\/comments?post=962"}],"version-history":[{"count":137,"href":"https:\/\/magmalighting.com\/pt\/wp-json\/wp\/v2\/pages\/962\/revisions"}],"predecessor-version":[{"id":3777,"href":"https:\/\/magmalighting.com\/pt\/wp-json\/wp\/v2\/pages\/962\/revisions\/3777"}],"wp:featuredmedia":[{"embeddable":true,"href":"https:\/\/magmalighting.com\/pt\/wp-json\/wp\/v2\/media\/2542"}],"wp:attachment":[{"href":"https:\/\/magmalighting.com\/pt\/wp-json\/wp\/v2\/media?parent=962"}],"curies":[{"name":"wp","href":"https:\/\/api.w.org\/{rel}","templated":true}]}}